{"id":655,"date":"2016-07-17T16:01:41","date_gmt":"2016-07-17T14:01:41","guid":{"rendered":"http:\/\/pflegedienst-klostermann.de\/cms\/?page_id=655"},"modified":"2023-06-15T11:30:46","modified_gmt":"2023-06-15T09:30:46","slug":"ueber-uns","status":"publish","type":"page","link":"https:\/\/pflegedienst-klostermann.de\/cms\/homepage\/ueber-uns\/","title":{"rendered":"\u00dcber uns"},"content":{"rendered":"<h3 class=\"home-sec-title\">\u00dcber uns<\/h3>\n<p><img loading=\"lazy\" decoding=\"async\" class=\"alignnone size-full wp-image-880\" src=\"http:\/\/pflegedienst-klostermann.de\/cms\/wp-content\/uploads\/2016\/07\/bg_about-3.png\" alt=\"bg_about\" width=\"781\" height=\"424\" srcset=\"https:\/\/pflegedienst-klostermann.de\/cms\/wp-content\/uploads\/2016\/07\/bg_about-3.png 781w, https:\/\/pflegedienst-klostermann.de\/cms\/wp-content\/uploads\/2016\/07\/bg_about-3-300x163.png 300w, https:\/\/pflegedienst-klostermann.de\/cms\/wp-content\/uploads\/2016\/07\/bg_about-3-768x417.png 768w, https:\/\/pflegedienst-klostermann.de\/cms\/wp-content\/uploads\/2016\/07\/bg_about-3-368x200.png 368w, https:\/\/pflegedienst-klostermann.de\/cms\/wp-content\/uploads\/2016\/07\/bg_about-3-553x300.png 553w\" sizes=\"auto, (max-width: 781px) 100vw, 781px\" \/><\/p>\n<p>Unser ambulanter Pflegedienst wurde im Jahre 1991 durch Ulla\u00a0Klostermann ins Leben gerufen.<\/p>\n<p>Mittlerweile ist er ein Gesch\u00e4ftszweig der Pflegedienst Klostermann GmbH, welche durch Jana und Rico Schwarze als Gesch\u00e4ftsf\u00fchrer geleitet wird.<\/p>\n<p>Wir haben uns die medizinische Versorgung und die ganzheitliche Betreuung pflegebed\u00fcrftiger Menschen in ihrer H\u00e4uslichkeit zur Aufgabe gemacht. Es ist unser Anliegen das Verbleiben unserer Patienten in ihrer gewohnten Umgebung so lange wie m\u00f6glich sicher und angenehm zu gestalten.<\/p>\n<p>Unser Einzugsgebiet umfasst vorwiegend die Stadtteile Cosch\u00fctz, Gittersee und Plauen. Auf den folgenden Seiten erfahren Sie mehr \u00fcber unsere Leistungen und Serviceangebote.<\/p>\n<p><img loading=\"lazy\" decoding=\"async\" class=\"alignnone size-full wp-image-874\" src=\"http:\/\/pflegedienst-klostermann.de\/cms\/wp-content\/uploads\/2016\/07\/bg_about_02.png\" alt=\"bg_about_02\" width=\"781\" height=\"424\" srcset=\"https:\/\/pflegedienst-klostermann.de\/cms\/wp-content\/uploads\/2016\/07\/bg_about_02.png 781w, https:\/\/pflegedienst-klostermann.de\/cms\/wp-content\/uploads\/2016\/07\/bg_about_02-300x163.png 300w, https:\/\/pflegedienst-klostermann.de\/cms\/wp-content\/uploads\/2016\/07\/bg_about_02-768x417.png 768w, https:\/\/pflegedienst-klostermann.de\/cms\/wp-content\/uploads\/2016\/07\/bg_about_02-368x200.png 368w, https:\/\/pflegedienst-klostermann.de\/cms\/wp-content\/uploads\/2016\/07\/bg_about_02-553x300.png 553w\" sizes=\"auto, (max-width: 781px) 100vw, 781px\" \/><\/p>\n","protected":false},"excerpt":{"rendered":"<p>\u00dcber uns Unser ambulanter Pflegedienst wurde im Jahre 1991 durch Ulla\u00a0Klostermann ins Leben gerufen. Mittlerweile ist er ein Gesch\u00e4ftszweig der Pflegedienst Klostermann GmbH, welche durch Jana und Rico Schwarze als Gesch\u00e4ftsf\u00fchrer geleitet wird. Wir haben uns die medizinische Versorgung und die ganzheitliche Betreuung pflegebed\u00fcrftiger Menschen in ihrer H\u00e4uslichkeit zur Aufgabe gemacht. Es ist unser Anliegen [&hellip;]<\/p>\n","protected":false},"author":1,"featured_media":0,"parent":152,"menu_order":4,"comment_status":"closed","ping_status":"closed","template":"","meta":{"footnotes":""},"class_list":["post-655","page","type-page","status-publish","hentry"],"_links":{"self":[{"href":"https:\/\/pflegedienst-klostermann.de\/cms\/wp-json\/wp\/v2\/pages\/655","targetHints":{"allow":["GET"]}}],"collection":[{"href":"https:\/\/pflegedienst-klostermann.de\/cms\/wp-json\/wp\/v2\/pages"}],"about":[{"href":"https:\/\/pflegedienst-klostermann.de\/cms\/wp-json\/wp\/v2\/types\/page"}],"author":[{"embeddable":true,"href":"https:\/\/pflegedienst-klostermann.de\/cms\/wp-json\/wp\/v2\/users\/1"}],"replies":[{"embeddable":true,"href":"https:\/\/pflegedienst-klostermann.de\/cms\/wp-json\/wp\/v2\/comments?post=655"}],"version-history":[{"count":0,"href":"https:\/\/pflegedienst-klostermann.de\/cms\/wp-json\/wp\/v2\/pages\/655\/revisions"}],"up":[{"embeddable":true,"href":"https:\/\/pflegedienst-klostermann.de\/cms\/wp-json\/wp\/v2\/pages\/152"}],"wp:attachment":[{"href":"https:\/\/pflegedienst-klostermann.de\/cms\/wp-json\/wp\/v2\/media?parent=655"}],"curies":[{"name":"wp","href":"https:\/\/api.w.org\/{rel}","templated":true}]}}