{"id":19,"date":"2016-07-12T20:42:54","date_gmt":"2016-07-12T18:42:54","guid":{"rendered":"http:\/\/pflegedienst-klostermann.de\/cms\/?page_id=19"},"modified":"2025-08-21T10:15:12","modified_gmt":"2025-08-21T08:15:12","slug":"impressum","status":"publish","type":"page","link":"https:\/\/pflegedienst-klostermann.de\/cms\/homepage\/impressum\/","title":{"rendered":"Impressum"},"content":{"rendered":"<h3 class=\"home-sec-title\">Impressum<\/h3>\n\n<strong>Inhaltlich Verantwortliche gem\u00e4\u00df 5 Telemediengesetz:<\/strong>\n\nPflegedienst Klostermann GmbH<br \/><strong>-B\u00fcro-<\/strong><br \/>Chemnitzer Stra\u00dfe 50<br \/>01187 Dresden\n\n<strong>-Tagespflege-<\/strong><br \/>W\u00fcrzburger Stra\u00dfe 35<br \/>01187 Dresden\n\nGesch\u00e4ftsf\u00fchrung: Jana Schwarze &amp; Rico Schwarze\n\nTel.: +49 (0) 351 4032411<br \/>FAX: +49 (0) 351 40350133<br \/>Tel.: +49 (0) 172 8732472\n\nE-Mail: j.schwarze@pflegedienst-klostermann.de<br \/>Internet: www.pflegedienst-klostermann.de\n\nIK-Nummer SGB V: 461462227<br \/>IK-Nummer SGB XI: 461462238\n\nAmtsgericht Dresden<br \/>HRB 35776\n\nSteuernummer: 203\/116\/09034\n\n<img decoding=\"async\" class=\"alignnone size-large wp-image-708\" src=\"http:\/\/pflegedienst-klostermann.de\/cms\/wp-content\/uploads\/2016\/07\/bg_line_1px-1024x1.jpg\" alt=\"bg_line_1px\" width=\"100%\" height=\"1\" srcset=\"https:\/\/pflegedienst-klostermann.de\/cms\/wp-content\/uploads\/2016\/07\/bg_line_1px.jpg 1024w, https:\/\/pflegedienst-klostermann.de\/cms\/wp-content\/uploads\/2016\/07\/bg_line_1px-150x1.jpg 150w, https:\/\/pflegedienst-klostermann.de\/cms\/wp-content\/uploads\/2016\/07\/bg_line_1px-300x1.jpg 300w, https:\/\/pflegedienst-klostermann.de\/cms\/wp-content\/uploads\/2016\/07\/bg_line_1px-768x1.jpg 768w, https:\/\/pflegedienst-klostermann.de\/cms\/wp-content\/uploads\/2016\/07\/bg_line_1px-600x1.jpg 600w, https:\/\/pflegedienst-klostermann.de\/cms\/wp-content\/uploads\/2016\/07\/bg_line_1px-555x1.jpg 555w, https:\/\/pflegedienst-klostermann.de\/cms\/wp-content\/uploads\/2016\/07\/bg_line_1px-1140x1.jpg 1140w, https:\/\/pflegedienst-klostermann.de\/cms\/wp-content\/uploads\/2016\/07\/bg_line_1px-360x1.jpg 360w, https:\/\/pflegedienst-klostermann.de\/cms\/wp-content\/uploads\/2016\/07\/bg_line_1px-750x1.jpg 750w, https:\/\/pflegedienst-klostermann.de\/cms\/wp-content\/uploads\/2016\/07\/bg_line_1px-260x1.jpg 260w, https:\/\/pflegedienst-klostermann.de\/cms\/wp-content\/uploads\/2016\/07\/bg_line_1px-550x1.jpg 550w, https:\/\/pflegedienst-klostermann.de\/cms\/wp-content\/uploads\/2016\/07\/bg_line_1px-75x1.jpg 75w, https:\/\/pflegedienst-klostermann.de\/cms\/wp-content\/uploads\/2016\/07\/bg_line_1px-200x1.jpg 200w, https:\/\/pflegedienst-klostermann.de\/cms\/wp-content\/uploads\/2016\/07\/bg_line_1px-250x1.jpg 250w, https:\/\/pflegedienst-klostermann.de\/cms\/wp-content\/uploads\/2016\/07\/bg_line_1px-272x1.jpg 272w\" sizes=\"(max-width: 1024px) 100vw, 1024px\" \/>\n\n<strong>Telemediengesetz (TMG)<\/strong>\n\n\u00a7 5 Allgemeine Informationspflichten\n\n(1) Diensteanbieter haben f\u00fcr gesch\u00e4ftsm\u00e4\u00dfige, in der Regel gegen Entgelt angebotene Telemedien folgende Informationen leicht erkennbar, unmittelbar erreichbar und st\u00e4ndig verf\u00fcgbar zu halten:\n\n<ol>\n<li>den Namen und die Anschrift, unter der sie niedergelassen sind, bei juristischen Personen zus\u00e4tzlich die Rechtsform, den Vertretungsberechtigten und, sofern Angaben \u00fcber das Kapital der Gesellschaft gemacht werden, das Stamm- oder Grundkapital sowie, wenn nicht alle in Geld zu leistenden Einlagen eingezahlt sind, der Gesamtbetrag der ausstehenden Einlagen,<\/li>\n<li>Angaben, die eine schnelle elektronische Kontaktaufnahme und unmittelbare Kommunikation mit ihnen erm\u00f6glichen, einschlie\u00dflich der Adresse der elektronischen Post,<\/li>\n<li>soweit der Dienst im Rahmen einer T\u00e4tigkeit angeboten oder erbracht wird, die der beh\u00f6rdlichen Zulassung bedarf, Angaben zur zust\u00e4ndigen Aufsichtsbeh\u00f6rde,<\/li>\n<li>das Handelsregister, Vereinsregister, Partnerschaftsregister oder Genossenschaftsregister, in das sie eingetragen sind, und die entsprechende Registernummer,<\/li>\n<li>soweit der Dienst in Aus\u00fcbung eines Berufs im Sinne von Artikel 1 Buchstabe d der Richtlinie 89\/48\/EWG des Rates vom 21. Dezember 1988 \u00fcber eine allgemeine Regelung zur Anerkennung der Hochschuldiplome, die eine mindestens dreij\u00e4hrige Berufsausbildung abschlie\u00dfen (ABl. EG Nr. L 19 S. 16), oder im Sinne von Artikel 1 Buchstabe f der Richtlinie 92\/51\/EWG des Rates vom 18. Juni 1992 \u00fcber eine zweite allgemeine Regelung zur Anerkennung beruflicher Bef\u00e4higungsnachweise in Erg\u00e4nzung zur Richtlinie 89\/48\/EWG (ABl. EG Nr. L 209 S. 25, 1995 Nr. L 17 S. 20), zuletzt ge\u00e4ndert durch die Richtlinie 97\/38\/EG der Kommission vom 20. Juni 1997 (ABl. EG Nr. L 184 S. 31), angeboten oder erbracht wird, Angaben \u00fcbera) die Kammer, welcher die Diensteanbieter angeh\u00f6ren, b) die gesetzliche Berufsbezeichnung und den Staat, in dem die Berufsbezeichnung verliehen worden ist, c) die Bezeichnung der berufsrechtlichen Regelungen und dazu, wie diese zug\u00e4nglich sind,<\/li>\n<li>in F\u00e4llen, in denen sie eine Umsatzsteueridentifikationsnummer nach \u00a7 27a des Umsatzsteuergesetzes oder eine Wirtschafts-Identifikationsnummer nach \u00a7 139c der Abgabenordnung besitzen, die Angabe dieser Nummer,<\/li>\n<li>bei Aktiengesellschaften, Kommanditgesellschaften auf Aktien und Gesellschaften mit beschr\u00e4nkter Haftung, die sich in Abwicklung oder Liquidation befinden, die Angabe hier\u00fcber.<\/li>\n<\/ol>\n\n(2) Weitergehende Informationspflichten nach anderen Rechtsvorschriften bleiben unber\u00fchrt.\n\n<img decoding=\"async\" class=\"alignnone size-large wp-image-708\" src=\"http:\/\/pflegedienst-klostermann.de\/cms\/wp-content\/uploads\/2016\/07\/bg_line_1px-1024x1.jpg\" alt=\"bg_line_1px\" width=\"100%\" height=\"1\" srcset=\"https:\/\/pflegedienst-klostermann.de\/cms\/wp-content\/uploads\/2016\/07\/bg_line_1px.jpg 1024w, https:\/\/pflegedienst-klostermann.de\/cms\/wp-content\/uploads\/2016\/07\/bg_line_1px-150x1.jpg 150w, https:\/\/pflegedienst-klostermann.de\/cms\/wp-content\/uploads\/2016\/07\/bg_line_1px-300x1.jpg 300w, https:\/\/pflegedienst-klostermann.de\/cms\/wp-content\/uploads\/2016\/07\/bg_line_1px-768x1.jpg 768w, https:\/\/pflegedienst-klostermann.de\/cms\/wp-content\/uploads\/2016\/07\/bg_line_1px-600x1.jpg 600w, https:\/\/pflegedienst-klostermann.de\/cms\/wp-content\/uploads\/2016\/07\/bg_line_1px-555x1.jpg 555w, https:\/\/pflegedienst-klostermann.de\/cms\/wp-content\/uploads\/2016\/07\/bg_line_1px-1140x1.jpg 1140w, https:\/\/pflegedienst-klostermann.de\/cms\/wp-content\/uploads\/2016\/07\/bg_line_1px-360x1.jpg 360w, https:\/\/pflegedienst-klostermann.de\/cms\/wp-content\/uploads\/2016\/07\/bg_line_1px-750x1.jpg 750w, https:\/\/pflegedienst-klostermann.de\/cms\/wp-content\/uploads\/2016\/07\/bg_line_1px-260x1.jpg 260w, https:\/\/pflegedienst-klostermann.de\/cms\/wp-content\/uploads\/2016\/07\/bg_line_1px-550x1.jpg 550w, https:\/\/pflegedienst-klostermann.de\/cms\/wp-content\/uploads\/2016\/07\/bg_line_1px-75x1.jpg 75w, https:\/\/pflegedienst-klostermann.de\/cms\/wp-content\/uploads\/2016\/07\/bg_line_1px-200x1.jpg 200w, https:\/\/pflegedienst-klostermann.de\/cms\/wp-content\/uploads\/2016\/07\/bg_line_1px-250x1.jpg 250w, https:\/\/pflegedienst-klostermann.de\/cms\/wp-content\/uploads\/2016\/07\/bg_line_1px-272x1.jpg 272w\" sizes=\"(max-width: 1024px) 100vw, 1024px\" \/>\n\n<strong>technische und grafische Realisierung<\/strong><br \/><a href=\"http:werbesaxe.de\" target=\"_blank\" rel=\"noopener\">(C)2016 werbesaxe.de<\/a><br \/>Inh. K. Richter | Walterstal 75 | 09599 Freiberg\n\n\n\n","protected":false},"excerpt":{"rendered":"<p>Impressum Inhaltlich Verantwortliche gem\u00e4\u00df 5 Telemediengesetz: Pflegedienst Klostermann GmbH-B\u00fcro-Chemnitzer Stra\u00dfe 5001187 Dresden -Tagespflege-W\u00fcrzburger Stra\u00dfe 3501187 Dresden Gesch\u00e4ftsf\u00fchrung: Jana Schwarze &amp; Rico Schwarze Tel.: +49 (0) 351 4032411FAX: +49 (0) 351 40350133Tel.: +49 (0) 172 8732472 E-Mail: j.schwarze@pflegedienst-klostermann.deInternet: www.pflegedienst-klostermann.de IK-Nummer SGB V: 461462227IK-Nummer SGB XI: 461462238 Amtsgericht DresdenHRB 35776 Steuernummer: 203\/116\/09034 Telemediengesetz (TMG) \u00a7 5 Allgemeine [&hellip;]<\/p>\n","protected":false},"author":1,"featured_media":0,"parent":152,"menu_order":6,"comment_status":"closed","ping_status":"closed","template":"","meta":{"footnotes":""},"class_list":["post-19","page","type-page","status-publish","hentry"],"_links":{"self":[{"href":"https:\/\/pflegedienst-klostermann.de\/cms\/wp-json\/wp\/v2\/pages\/19","targetHints":{"allow":["GET"]}}],"collection":[{"href":"https:\/\/pflegedienst-klostermann.de\/cms\/wp-json\/wp\/v2\/pages"}],"about":[{"href":"https:\/\/pflegedienst-klostermann.de\/cms\/wp-json\/wp\/v2\/types\/page"}],"author":[{"embeddable":true,"href":"https:\/\/pflegedienst-klostermann.de\/cms\/wp-json\/wp\/v2\/users\/1"}],"replies":[{"embeddable":true,"href":"https:\/\/pflegedienst-klostermann.de\/cms\/wp-json\/wp\/v2\/comments?post=19"}],"version-history":[{"count":0,"href":"https:\/\/pflegedienst-klostermann.de\/cms\/wp-json\/wp\/v2\/pages\/19\/revisions"}],"up":[{"embeddable":true,"href":"https:\/\/pflegedienst-klostermann.de\/cms\/wp-json\/wp\/v2\/pages\/152"}],"wp:attachment":[{"href":"https:\/\/pflegedienst-klostermann.de\/cms\/wp-json\/wp\/v2\/media?parent=19"}],"curies":[{"name":"wp","href":"https:\/\/api.w.org\/{rel}","templated":true}]}}