{"id":15,"date":"2016-07-12T20:42:08","date_gmt":"2016-07-12T18:42:08","guid":{"rendered":"http:\/\/pflegedienst-klostermann.de\/cms\/?page_id=15"},"modified":"2023-06-15T11:25:36","modified_gmt":"2023-06-15T09:25:36","slug":"jobs-stellenangebote","status":"publish","type":"page","link":"https:\/\/pflegedienst-klostermann.de\/cms\/jobs-stellenangebote\/","title":{"rendered":"Aktuelle Stellenangebote"},"content":{"rendered":"<h3 class=\"home-sec-title\"><img loading=\"lazy\" decoding=\"async\" class=\"aligncenter size-full wp-image-1040\" src=\"http:\/\/pflegedienst-klostermann.de\/cms\/wp-content\/uploads\/2021\/09\/Flyer-Pflegeprofis-1.Seite_.png\" alt=\"\" width=\"725\" height=\"1024\" srcset=\"https:\/\/pflegedienst-klostermann.de\/cms\/wp-content\/uploads\/2021\/09\/Flyer-Pflegeprofis-1.Seite_.png 725w, https:\/\/pflegedienst-klostermann.de\/cms\/wp-content\/uploads\/2021\/09\/Flyer-Pflegeprofis-1.Seite_-212x300.png 212w, https:\/\/pflegedienst-klostermann.de\/cms\/wp-content\/uploads\/2021\/09\/Flyer-Pflegeprofis-1.Seite_-544x768.png 544w, https:\/\/pflegedienst-klostermann.de\/cms\/wp-content\/uploads\/2021\/09\/Flyer-Pflegeprofis-1.Seite_-142x200.png 142w\" sizes=\"auto, (max-width: 725px) 100vw, 725px\" \/> <img loading=\"lazy\" decoding=\"async\" class=\"aligncenter size-full wp-image-1041\" src=\"http:\/\/pflegedienst-klostermann.de\/cms\/wp-content\/uploads\/2021\/09\/Flyer-Pflegeprofis-2.Seite_.png\" alt=\"\" width=\"725\" height=\"1024\" srcset=\"https:\/\/pflegedienst-klostermann.de\/cms\/wp-content\/uploads\/2021\/09\/Flyer-Pflegeprofis-2.Seite_.png 725w, https:\/\/pflegedienst-klostermann.de\/cms\/wp-content\/uploads\/2021\/09\/Flyer-Pflegeprofis-2.Seite_-212x300.png 212w, https:\/\/pflegedienst-klostermann.de\/cms\/wp-content\/uploads\/2021\/09\/Flyer-Pflegeprofis-2.Seite_-544x768.png 544w, https:\/\/pflegedienst-klostermann.de\/cms\/wp-content\/uploads\/2021\/09\/Flyer-Pflegeprofis-2.Seite_-142x200.png 142w\" sizes=\"auto, (max-width: 725px) 100vw, 725px\" \/><\/h3>\n<h3><\/h3>\n<h3 class=\"home-sec-title\">Aktuelle Stellenangebote<\/h3>\n<p>F\u00fcr unseren <strong>ambulanten Pflegediens<\/strong>t suchen wir zum n\u00e4chstm\u00f6glichen Zeitpunkt engagierte<\/p>\n<ul>\n<li style=\"list-style-type: none;\">\n<ul>\n<li><span style=\"color: #e72278;\"><strong>Altenpfleger (m\/w\/d)<\/strong><\/span><\/li>\n<li><strong><span style=\"color: #e72278;\">Gesundheits- und Krankenpfleger (m\/w\/d)<\/span><\/strong><\/li>\n<li><strong><span style=\"color: #e72278;\">Pflegeassistenten, Pflegehelfer (m\/w\/d)<\/span><\/strong><\/li>\n<\/ul>\n<\/li>\n<\/ul>\n<p>in Teilzeit (30-35h\/Woche), sowie<\/p>\n<ul>\n<li style=\"list-style-type: none;\">\n<ul>\n<li><span style=\"color: #e72278;\"><strong>Pflegefachkr\u00e4fte (m\/w\/d)<\/strong><\/span><\/li>\n<\/ul>\n<\/li>\n<\/ul>\n<p>in Teilzeit (35h\/Woche).<\/p>\n<p><strong>Wir erwarten von Ihnen:<\/strong><\/p>\n<ul>\n<li style=\"list-style-type: none;\">\n<ul>\n<li>abgeschlossene Ausbildung als Altenpfleger (m\/w\/d),\u00a0 Gesundheits- und Krankenpfleger (m\/w\/d), Altenpflegehelfer (m\/w\/d)<\/li>\n<li>als Alltagsbegleiter: Schulung\/Refresher zur Betreuungskraft nach \u00a753c (ehemals \u00a787b)<\/li>\n<\/ul>\n<ul>\n<li>positive Grundeinstellung im Umgang mit \u00e4lteren, pflegebed\u00fcrftigen Menschen<\/li>\n<li>Empathie<\/li>\n<li>Teamf\u00e4higkeit<\/li>\n<li>Verantwortungsbewusstsein<\/li>\n<li>Identifikation mit unserem Unternehmen<\/li>\n<\/ul>\n<\/li>\n<\/ul>\n<p><strong>Wir bieten Ihnen:<\/strong><\/p>\n<ul>\n<li style=\"list-style-type: none;\">\n<ul>\n<li>sehr gutes Betriebsklima<\/li>\n<li>junges, aufgeschlossenes Team mit Spa\u00df bei der Arbeit<\/li>\n<li>krisensicheren Beruf mit Zukunft<\/li>\n<li>einen unbefristeten Arbeitsvertrag<\/li>\n<li>Dienstfahrzeug mit privater Nutzung m\u00f6glich<\/li>\n<li>Diensthandy m\u00f6glich<\/li>\n<li>Sonn- und Feiertagszuschlag, sowie Zuschlag Urlaubsentgelt<\/li>\n<li>Ticket Plus Card<\/li>\n<li>anteilige Kosten\u00fcbernahme Kinderkrippen-\/Kindergartenplatz<\/li>\n<li>Verpflegung (Mittagessen, Getr\u00e4nke)<\/li>\n<li>physiotherapeutische Behandlung<\/li>\n<li>individuelle und bedarfsorientierte Fort- und Weiterbildungsm\u00f6glichkeiten<\/li>\n<li>betriebliche Altersvorsorge\/ arbeitgeberfinanzierte Betriebsrente<\/li>\n<li>Wunschdienstplan mit Ber\u00fccksichtigung privater Belange<\/li>\n<li>stets ein offenes Ohr f\u00fcr die Mitarbeiter<\/li>\n<\/ul>\n<\/li>\n<\/ul>\n<p><img loading=\"lazy\" decoding=\"async\" class=\"alignnone size-full wp-image-730\" src=\"http:\/\/pflegedienst-klostermann.de\/cms\/wp-content\/uploads\/2016\/07\/bg_line_2px.jpg\" alt=\"bg_line_2px\" width=\"2000\" height=\"2\" srcset=\"https:\/\/pflegedienst-klostermann.de\/cms\/wp-content\/uploads\/2016\/07\/bg_line_2px.jpg 1024w, https:\/\/pflegedienst-klostermann.de\/cms\/wp-content\/uploads\/2016\/07\/bg_line_2px-150x2.jpg 150w, https:\/\/pflegedienst-klostermann.de\/cms\/wp-content\/uploads\/2016\/07\/bg_line_2px-300x1.jpg 300w, https:\/\/pflegedienst-klostermann.de\/cms\/wp-content\/uploads\/2016\/07\/bg_line_2px-768x1.jpg 768w, https:\/\/pflegedienst-klostermann.de\/cms\/wp-content\/uploads\/2016\/07\/bg_line_2px-600x2.jpg 600w, https:\/\/pflegedienst-klostermann.de\/cms\/wp-content\/uploads\/2016\/07\/bg_line_2px-555x2.jpg 555w, https:\/\/pflegedienst-klostermann.de\/cms\/wp-content\/uploads\/2016\/07\/bg_line_2px-1140x2.jpg 1140w, https:\/\/pflegedienst-klostermann.de\/cms\/wp-content\/uploads\/2016\/07\/bg_line_2px-360x2.jpg 360w, https:\/\/pflegedienst-klostermann.de\/cms\/wp-content\/uploads\/2016\/07\/bg_line_2px-750x2.jpg 750w, https:\/\/pflegedienst-klostermann.de\/cms\/wp-content\/uploads\/2016\/07\/bg_line_2px-260x2.jpg 260w, https:\/\/pflegedienst-klostermann.de\/cms\/wp-content\/uploads\/2016\/07\/bg_line_2px-550x2.jpg 550w, https:\/\/pflegedienst-klostermann.de\/cms\/wp-content\/uploads\/2016\/07\/bg_line_2px-75x2.jpg 75w, https:\/\/pflegedienst-klostermann.de\/cms\/wp-content\/uploads\/2016\/07\/bg_line_2px-200x2.jpg 200w, https:\/\/pflegedienst-klostermann.de\/cms\/wp-content\/uploads\/2016\/07\/bg_line_2px-250x2.jpg 250w, https:\/\/pflegedienst-klostermann.de\/cms\/wp-content\/uploads\/2016\/07\/bg_line_2px-272x2.jpg 272w\" sizes=\"auto, (max-width: 2000px) 100vw, 2000px\" \/><\/p>\n<p><span style=\"color: #e72278;\"><strong>Ihre Fragen vorab oder Ihre aussagekr\u00e4ftigen Bewerbungsunterlagen richten Sie bitte an:<\/strong><\/span><\/p>\n<p>Jana Schwarze<br \/>\nPflegedienstleitung<br \/>\nMobil: 0172\/ 873 24 72<br \/>\nMail.: j.schwarze@pflegedienst-klostermann.de<\/p>\n<p>Pflegedienst Klostermann GmbH<br \/>\nz.H. Frau Schwarze<br \/>\nBamberger Str. 7<br \/>\n01187 Dresden<\/p>\n","protected":false},"excerpt":{"rendered":"<p>Aktuelle Stellenangebote F\u00fcr unseren ambulanten Pflegedienst suchen wir zum n\u00e4chstm\u00f6glichen Zeitpunkt engagierte Altenpfleger (m\/w\/d) Gesundheits- und Krankenpfleger (m\/w\/d) Pflegeassistenten, Pflegehelfer (m\/w\/d) in Teilzeit (30-35h\/Woche), sowie Pflegefachkr\u00e4fte (m\/w\/d) in Teilzeit (35h\/Woche). Wir erwarten von Ihnen: abgeschlossene Ausbildung als Altenpfleger (m\/w\/d),\u00a0 Gesundheits- und Krankenpfleger (m\/w\/d), Altenpflegehelfer (m\/w\/d) als Alltagsbegleiter: Schulung\/Refresher zur Betreuungskraft nach \u00a753c (ehemals \u00a787b) positive [&hellip;]<\/p>\n","protected":false},"author":1,"featured_media":0,"parent":0,"menu_order":5,"comment_status":"closed","ping_status":"closed","template":"","meta":{"footnotes":""},"class_list":["post-15","page","type-page","status-publish","hentry"],"_links":{"self":[{"href":"https:\/\/pflegedienst-klostermann.de\/cms\/wp-json\/wp\/v2\/pages\/15","targetHints":{"allow":["GET"]}}],"collection":[{"href":"https:\/\/pflegedienst-klostermann.de\/cms\/wp-json\/wp\/v2\/pages"}],"about":[{"href":"https:\/\/pflegedienst-klostermann.de\/cms\/wp-json\/wp\/v2\/types\/page"}],"author":[{"embeddable":true,"href":"https:\/\/pflegedienst-klostermann.de\/cms\/wp-json\/wp\/v2\/users\/1"}],"replies":[{"embeddable":true,"href":"https:\/\/pflegedienst-klostermann.de\/cms\/wp-json\/wp\/v2\/comments?post=15"}],"version-history":[{"count":0,"href":"https:\/\/pflegedienst-klostermann.de\/cms\/wp-json\/wp\/v2\/pages\/15\/revisions"}],"wp:attachment":[{"href":"https:\/\/pflegedienst-klostermann.de\/cms\/wp-json\/wp\/v2\/media?parent=15"}],"curies":[{"name":"wp","href":"https:\/\/api.w.org\/{rel}","templated":true}]}}