{"id":996,"date":"2018-08-14T13:22:51","date_gmt":"2018-08-14T11:22:51","guid":{"rendered":"http:\/\/pflegedienst-klostermann.de\/cms\/?page_id=996"},"modified":"2018-08-14T13:40:25","modified_gmt":"2018-08-14T11:40:25","slug":"cookie-richtlinie","status":"publish","type":"page","link":"http:\/\/pflegedienst-klostermann.de\/cms\/cookie-richtlinie\/","title":{"rendered":"Cookie Richtlinie"},"content":{"rendered":"<h3 class=\"home-sec-title\">Cookie Richtlinie<\/h3>\n<h3 id=\"richtlinie\"><strong>1. Cookies und die EU-Cookie-Richtlinie<\/strong><\/h3>\n<p>Fast alle <a class=\"ilink\" title=\"E-Book: Die rechtssichere Website\" href=\"https:\/\/www.e-recht24.de\/internes\/ebooks\/3410-ip2.html\">Webseiten<\/a> verwenden Cookies. Diese sind dazu da, Nutzer wiederzuerkennen und ihnen das Surfen auf einer <a class=\"ilink\" title=\"Abmahnung wegen Google Bildersuche: So nutzen Sie Bilder und Videos auf der eigenen Webseite rechtssicher\" href=\"https:\/\/www.e-recht24.de\/artikel\/blog-foren-web20\/7069-achtung-abmahnung-bilder-und-videos-auf-der-eigenen-website-rechtssicher-nutzen.html\">Website<\/a> zu erleichtern, etwa dadurch dass der Nutzer seine Zugangsdaten nicht bei jedem Besuch neu eingeben muss oder erkannt wird, was der Nutzer bereits gekauft hat.<\/p>\n<p>Den rechtlichen Umgang regelt in der EU die so genannte <strong>\u201eCookie-Richtlinie\u201c<\/strong>. Diese EU Cookie-Richtlinie, die eine ausdr\u00fcckliche Einwilligung des Nutzers in solchen F\u00e4llen vorsieht, wurde von Deutschland aber gar nicht umgesetzt. Zur Erkl\u00e4rung: EU-Richtlinien sind nicht automatisch \u201eGesetz\u201c, sondern m\u00fcssen von den EU-L\u00e4ndern umgesetzt werden. Da das in Deutschland nicht geschehen ist, gilt die Richtlinie bei uns eigentlich gar nicht.<\/p>\n<p>Daf\u00fcr gibt es den \u00a7 15 Abs.3 <a class=\"ilink\" title=\"Telemediengesetz: Irrt\u00fcmer\" href=\"https:\/\/www.e-recht24.de\/artikel\/haftunginhalte\/186.html\">Telemediengesetz<\/a> (TMG). Der besagt dass es ausreicht, den Nutzer <strong>zu unterrichten<\/strong> und auf ein Widerspruchsrecht hinzuweisen. Das kann aber auch in einer Datenschutzerkl\u00e4rung erfolgen.<\/p>\n<p><strong>Das deutsche Recht kennt aktuell trotz der EU Richtline also keine direkte Pflicht, die Nutzer in die Verwendung von Cookies einwilligen zu lassen. \u00a0<\/strong><\/p>\n<p>Um die Sache aber noch komplizierter zu machen: Die EU-Kommission hat erkl\u00e4rt, dass die Richtlinie in Deutschland eigentlich gar nicht umgesetzt werden muss, da die heutigen Regelungen in Deutschland die Vorgaben der Cookie-Richtlinie bereist erf\u00fcllen. Das klingt komisch, da die deutschen Regeln gerade keine Einwilligung (also den Klick auf \u201eJa, ich stimme zu\u201c), sondern nur einen Hinweis auf das Widerspruchsrecht vorsehen. Es bleibt also ein gewisses Risiko.<\/p>\n<h3 id=\"seitenbetreiber\"><strong>2. Einwilligung oder Hinweis: Was k\u00f6nnen Webseitenbetreiber konkret tun?<\/strong><\/h3>\n<h3><strong>Die rechtlich sicherste Antwort:<\/strong><\/h3>\n<p>Seitenbetreiber sollten die Einwilligung der Nutzer einholen. Der Einwilligungstext sollte beim ersten Aufruf der Seite eingeblendet werden. Der Hinweis sollte so konkret wie m\u00f6glich sagen, um welche Daten es geht, wozu diese genutzt werden und an wen diese Daten weiter gegeben werden. Der Nutzer muss diesen Text mit einem Klick best\u00e4tigen.<\/p>\n<p><strong>Risiko: <\/strong>Keins<\/p>\n<h3>Der Mittelweg:<\/h3>\n<p>Sie informieren den Nutzer beim ersten Seitenaufruf \u00fcber das Verwenden von Cookies und sein Widerspruchsrecht, verzichten aber auf eine Einwilligung. Der Nutzer muss hier also nicht klicken und best\u00e4tigen.<\/p>\n<p><strong>Risiko: <\/strong>Gering<\/p>\n<h3>Der wirtschaftlich sinnvollste Weg<\/h3>\n<p>Seitenbetreiber, die kein Google AdSense nutzen (siehe Punkt 3.) k\u00f6nnen unter rein wirtschaftlichen Gesichtspunkten auch abwarten, ob und wie Deutschland die Richtlinie in den n\u00e4chsten Monaten umsetzt und solange darauf vertrauen, dass es hier erst einmal nicht zu rechtlichen Auseinandersetzungen kommt.<\/p>\n<p><strong>Risiko: <\/strong>Mittel<\/p>\n<p><strong>Wichtig: <\/strong>In <strong>ALLEN<\/strong> Varianten sollten Sie aber einen entsprechenden Passus zu Cookies und Hinweise f\u00fcr den Nutzer, wie er das Setzen von Cookies verhindern kann, in Ihre Datenschutzerkl\u00e4rung aufnehmen. Sie k\u00f6nnen dazu unseren kostenlosen Datenschutz-Generator verwenden:<br \/>\n<a href=\"https:\/\/www.e-recht24.de\/muster-datenschutzerklaerung.html\" target=\"_blank\" rel=\"noopener\">https:\/\/www.e-recht24.de\/muster-datenschutzerklaerung.html<\/a><\/p>\n<h3 id=\"cookies\"><strong>3. Cookies und Google Adsense<\/strong><\/h3>\n<p>Google verpflichtet alle AdSense-Nutzer seit September 2015, den Nutzern einen Hinweis auf die Google-Cookies anzuzeigen. Dazu hat Google &#8220;Richtlinie zur Einwilligung der Nutzer in der EU\u201c online gestellt.<br \/>\n<a href=\"http:\/\/www.google.com\/about\/company\/user-consent-policy.html\" target=\"_blank\" rel=\"noopener\">http:\/\/www.google.com\/about\/company\/user-consent-policy.html<\/a><\/p>\n<p><strong>Dort heisst es, Seitenbetreiber m\u00fcssen<\/strong><\/p>\n<ol>\n<li>\u00a0\u201ewirtschaftlich vertretbare Ma\u00dfnahmen ergreifen\u201c um den Nutzer \u00fcber das Speichern und Weitergeben der Daten zu informieren und<\/li>\n<li>\u00a0m\u00fcssen eine entsprechende Einwilligung der Nutzer einholen.<\/li>\n<\/ol>\n<p>Damit geht Google sogar weiter als viele EU-Datenschutzbeh\u00f6rden es fordern. So hat beispielsweise der britische Datenschutzbeauftragte erkl\u00e4rt, eine ausdr\u00fcckliche Einwilligung w\u00e4re bei Cookies nicht erforderlich, es w\u00fcrde ein entsprechender Hinweis gen\u00fcgen. Andererseits schreibt Google die Einwilligung nur f\u00fcr AdSense und Double Klick vor, nicht hingegen f\u00fcr andere Dienste wie Google Analytics.<\/p>\n<p><strong>Seitenbetreiber, die Google AdSense oder DoubleClick nutzen sollten hier also den Vorgaben von Google folgen und eine Einwilligung der Nutzer einholen.<\/strong><\/p>\n<h3 id=\"umsetzung\"><strong>4. Technische Umsetzung f\u00fcr Cookie Hinweise auf Ihrer Website<\/strong><\/h3>\n<p>Hier finden Seitenbetreiber eine \u00dcbersicht zu Tools und Plugins, mit denen Sie Cookie-Hinweise selbst erstellen und auf Ihrer <a class=\"ilink\" title=\"Neues Gesetz: Fehlende Datenschutzerkl\u00e4rung auf Webseiten kann ab sofort abgemahnt werden\" href=\"https:\/\/www.e-recht24.de\/artikel\/datenschutz\/10066-abmahnung-datenschutzerklaerung-auf-webseiten.html\">Webseite<\/a> einbinden k\u00f6nnen:<\/p>\n<p><strong>WordPress:<br \/>\n<\/strong><a href=\"https:\/\/de.wordpress.org\/plugins\/cookie-notice\/\" target=\"_blank\" rel=\"noopener\">https:\/\/de.wordpress.org\/plugins\/cookie-notice\/<\/a><\/p>\n<p><strong>WIX:<br \/>\n<\/strong><a href=\"https:\/\/www.wix.com\/support\/html5\/apps-made-by-wix\/cookie-alert-pop-up\/kb\/adding-and-setting-up-a-cookie-alert-popup\" target=\"_blank\" rel=\"noopener\">https:\/\/www.wix.com\/support\/html5\/apps-made-by-wix\/cookie-alert-pop-up\/kb\/adding-and-setting-up-a-cookie-alert-popup<\/a><\/p>\n<p><strong>Cookie Consent Kit von Silktide:<br \/>\n<\/strong><a href=\"https:\/\/silktide.com\/tools\/cookie-consent\/\" target=\"_blank\" rel=\"noopener\">https:\/\/silktide.com\/tools\/cookie-consent\/<\/a><\/p>\n<p><strong>Cookie Consent Kit der Europ\u00e4ischen Kommission:<br \/>\n<\/strong><a href=\"http:\/\/ec.europa.eu\/ipg\/basics\/legal\/cookies\/index_en.htm#section_5\" target=\"_blank\" rel=\"noopener\">http:\/\/ec.europa.eu\/ipg\/basics\/legal\/cookies\/index_en.htm#section_5<\/a><\/p>\n<p><strong>Cookie Control:<br \/>\n<\/strong><a href=\"http:\/\/www.civicuk.com\/cookie-control\/index\" target=\"_blank\" rel=\"noopener\">http:\/\/www.civicuk.com\/cookie-control\/index<\/a><\/p>\n<h3><strong>5. Praxis-Tipp:<\/strong><\/h3>\n<p>Nutzen Sie unseren <a href=\"https:\/\/www.abmahnung-internet.de\/abmahncheck\/\">kostenlosen Abmahn-Check f\u00fcr Ihre Webseite<\/a>. So finden Sie die Schwachstellen und Abmahnfallen, bevor Ihre Webseite zur Kostenfalle wird.<\/p>\n<p>&nbsp;<\/p>\n<p>Quelle: <a href=\"https:\/\/www.e-recht24.de\/artikel\/datenschutz\/8451-hinweispflicht-fuer-cookies.html#richtlinie\">e-recht24.de<\/a><\/p>\n","protected":false},"excerpt":{"rendered":"<p>Cookie Richtlinie 1. Cookies und die EU-Cookie-Richtlinie Fast alle Webseiten verwenden Cookies. Diese sind dazu da, Nutzer wiederzuerkennen und ihnen das Surfen auf einer Website zu erleichtern, etwa dadurch dass der Nutzer seine Zugangsdaten nicht bei jedem Besuch neu eingeben muss oder erkannt wird, was der Nutzer bereits gekauft hat. Den rechtlichen Umgang regelt in [&hellip;]<\/p>\n","protected":false},"author":1,"featured_media":0,"parent":0,"menu_order":0,"comment_status":"closed","ping_status":"closed","template":"","meta":{"footnotes":""},"class_list":["post-996","page","type-page","status-publish","hentry"],"_links":{"self":[{"href":"http:\/\/pflegedienst-klostermann.de\/cms\/wp-json\/wp\/v2\/pages\/996","targetHints":{"allow":["GET"]}}],"collection":[{"href":"http:\/\/pflegedienst-klostermann.de\/cms\/wp-json\/wp\/v2\/pages"}],"about":[{"href":"http:\/\/pflegedienst-klostermann.de\/cms\/wp-json\/wp\/v2\/types\/page"}],"author":[{"embeddable":true,"href":"http:\/\/pflegedienst-klostermann.de\/cms\/wp-json\/wp\/v2\/users\/1"}],"replies":[{"embeddable":true,"href":"http:\/\/pflegedienst-klostermann.de\/cms\/wp-json\/wp\/v2\/comments?post=996"}],"version-history":[{"count":0,"href":"http:\/\/pflegedienst-klostermann.de\/cms\/wp-json\/wp\/v2\/pages\/996\/revisions"}],"wp:attachment":[{"href":"http:\/\/pflegedienst-klostermann.de\/cms\/wp-json\/wp\/v2\/media?parent=996"}],"curies":[{"name":"wp","href":"https:\/\/api.w.org\/{rel}","templated":true}]}}