{"id":17,"date":"2016-07-12T20:42:22","date_gmt":"2016-07-12T18:42:22","guid":{"rendered":"http:\/\/pflegedienst-klostermann.de\/cms\/?page_id=17"},"modified":"2020-06-05T11:59:36","modified_gmt":"2020-06-05T09:59:36","slug":"kontakt","status":"publish","type":"page","link":"http:\/\/pflegedienst-klostermann.de\/cms\/homepage\/kontakt\/","title":{"rendered":"Kontakt"},"content":{"rendered":"<h3 class=\"home-sec-title\">Kontakt<\/h3>\n<p><span style=\"color: #808080;\"><strong>Ihre Ansprechpartner<\/strong><\/span><\/p>\n<p>Jana Schwarze<\/p>\n<p>Gesch\u00e4ftsf\u00fchrerin<\/p>\n<p><a href=\"mailto:j.schwarze@pflegedienst-klostermann.de\"><span style=\"color: #ff00ff;\">E-Mail<\/span><\/a><\/p>\n<p>Rico Schwarze<\/p>\n<p>Gesch\u00e4ftsf\u00fchrer<\/p>\n<p><a href=\"mailto:r.schwarze@pflegedienst-klostermann.de\"><span style=\"color: #ff00ff;\">E-Mail<\/span><\/a><\/p>\n<p><strong>Pflegedienst und Verwaltung<\/strong><\/p>\n<p>Telefon 0351-4032411<\/p>\n<p><iframe loading=\"lazy\" style=\"border: 0;\" src=\"https:\/\/www.google.com\/maps\/embed?pb=!1m14!1m8!1m3!1d2509.009200566294!2d13.711483!3d51.0344508!3m2!1i1024!2i768!4f13.1!3m3!1m2!1s0x4709c584cedca68d%3A0x554e24d459e3b800!2sBamberger%20Str.%207%2C%2001187%20Dresden!5e0!3m2!1sde!2sde!4v1579870907996!5m2!1sde!2sde\" width=\"800\" height=\"200\" frameborder=\"0\" allowfullscreen=\"allowfullscreen\"><\/iframe><\/p>\n<p><strong>Tagespflege<\/strong><\/p>\n<p>Telefon 0351-4246741<\/p>\n<p><iframe loading=\"lazy\" style=\"border: 0;\" src=\"https:\/\/www.google.com\/maps\/embed?pb=!1m14!1m8!1m3!1d2509.071324041413!2d13.7073513!3d51.0333034!3m2!1i1024!2i768!4f13.1!3m3!1m2!1s0x4709c59b5d3bb937%3A0xa2cbd4e451808f49!2sW%C3%BCrzburger+Str.+35%2C+01187+Dresden!5e0!3m2!1sde!2sde!4v1468917782341\" width=\"800\" height=\"200\" frameborder=\"0\" allowfullscreen=\"allowfullscreen\"><\/iframe><\/p>\n<p>Treten Sie mit uns in Kontakt.<br \/>\nNutzen Sie ganz bequem unser nachfolgendes Kontaktformular. Wir werden uns umgehend mit Ihnen in Verbindung setzen.<br \/>\nBei dringenden Angelegenheiten stehen wir Ihnen selbstverst\u00e4ndlich auch telefonisch zur Verf\u00fcgung.<br \/>\n<em>Ihre E-Mail Adresse wird nicht gespeichert, diese wird aber zur \u00dcbermittlung Ihrer Daten ben\u00f6tigt.<br \/>\n<\/em><\/p>\n<h3 class=\"home-sec-title\">Info<\/h3>\n<p><strong>Sie erreichen uns mit den \u00f6ffentlichen Verkehrsmitteln\u00a0 mit der<br \/>\n<\/strong><\/p>\n<ul>\n<li>Buslinie 62 \u00fcber die Haltestelle Bamberger Stra\u00dfe<\/li>\n<\/ul>\n<p><strong>Parkm\u00f6glichkeiten finden Sie <\/strong><strong>in den umliegenden Stra\u00dfen, sowie <\/strong><strong>in der Tiefgarage im Objekt Falkenbrunnen W\u00fcrzburger Str. 35 (2 Stunden kostenfrei).<br \/>\n<\/strong><\/p>\n<h3 class=\"home-sec-title\">Formular<\/h3>\n\n<div class=\"wpcf7 no-js\" id=\"wpcf7-f4-o1\" lang=\"de-DE\" dir=\"ltr\" data-wpcf7-id=\"4\">\n<div class=\"screen-reader-response\"><p role=\"status\" aria-live=\"polite\" aria-atomic=\"true\"><\/p> <ul><\/ul><\/div>\n<form action=\"\/cms\/wp-json\/wp\/v2\/pages\/17#wpcf7-f4-o1\" method=\"post\" class=\"wpcf7-form init wpcf7-acceptance-as-validation\" aria-label=\"Kontaktformular\" novalidate=\"novalidate\" data-status=\"init\">\n<fieldset class=\"hidden-fields-container\"><input type=\"hidden\" name=\"_wpcf7\" value=\"4\" \/><input type=\"hidden\" name=\"_wpcf7_version\" value=\"6.1.1\" \/><input type=\"hidden\" name=\"_wpcf7_locale\" value=\"de_DE\" \/><input type=\"hidden\" name=\"_wpcf7_unit_tag\" value=\"wpcf7-f4-o1\" \/><input type=\"hidden\" name=\"_wpcf7_container_post\" value=\"0\" \/><input type=\"hidden\" name=\"_wpcf7_posted_data_hash\" value=\"\" \/>\n<\/fieldset>\n<p>Ihr Name (erforderlich)\n<\/p>\n<p><span class=\"wpcf7-form-control-wrap\" data-name=\"ihr-name\"><input size=\"40\" maxlength=\"400\" class=\"wpcf7-form-control wpcf7-text wpcf7-validates-as-required\" aria-required=\"true\" aria-invalid=\"false\" value=\"\" type=\"text\" name=\"ihr-name\" \/><\/span>\n<\/p>\n<p>Ihre E-Mailadresse (erforderlich)\n<\/p>\n<p><span class=\"wpcf7-form-control-wrap\" data-name=\"emailadresse\"><input size=\"40\" maxlength=\"400\" class=\"wpcf7-form-control wpcf7-email wpcf7-validates-as-required wpcf7-text wpcf7-validates-as-email\" aria-required=\"true\" aria-invalid=\"false\" value=\"\" type=\"email\" name=\"emailadresse\" \/><\/span>\n<\/p>\n<p>Ihre Telefonnummer f\u00fcr evtl. R\u00fcckfragen (erforderlich)\n<\/p>\n<p><span class=\"wpcf7-form-control-wrap\" data-name=\"tel-call\"><input size=\"40\" maxlength=\"400\" class=\"wpcf7-form-control wpcf7-tel wpcf7-validates-as-required wpcf7-text wpcf7-validates-as-tel\" aria-required=\"true\" aria-invalid=\"false\" value=\"\" type=\"tel\" name=\"tel-call\" \/><\/span>\n<\/p>\n<p>Betreff\n<\/p>\n<p><span class=\"wpcf7-form-control-wrap\" data-name=\"betreff\"><input size=\"40\" maxlength=\"400\" class=\"wpcf7-form-control wpcf7-text\" aria-invalid=\"false\" value=\"\" type=\"text\" name=\"betreff\" \/><\/span>\n<\/p>\n<p>Ihre Mitteilung\n<\/p>\n<p><span class=\"wpcf7-form-control-wrap\" data-name=\"mitteilung\"><textarea cols=\"40\" rows=\"10\" maxlength=\"2000\" class=\"wpcf7-form-control wpcf7-textarea\" aria-invalid=\"false\" name=\"mitteilung\"><\/textarea><\/span>\n<\/p>\n<p><span class=\"wpcf7-form-control-wrap\" data-name=\"quiz-620\"><label><span class=\"wpcf7-quiz-label\">Die Hauptstadt von Deutschland?<\/span> <input size=\"40\" class=\"wpcf7-form-control wpcf7-quiz\" autocomplete=\"off\" aria-required=\"true\" aria-invalid=\"false\" type=\"text\" name=\"quiz-620\" \/><\/label><input type=\"hidden\" name=\"_wpcf7_quiz_answer_quiz-620\" value=\"87b5c3e0f7ea9f82b21bd9793ba40498\" \/><\/span>\n<\/p>\n<p><span class=\"wpcf7-form-control-wrap\" data-name=\"acceptance-314\"><span class=\"wpcf7-form-control wpcf7-acceptance\"><span class=\"wpcf7-list-item\"><input type=\"checkbox\" name=\"acceptance-314\" value=\"1\" aria-invalid=\"false\" \/><\/span><\/span><\/span><span class=\"required\" aria-required=\"true\">Ich habe die <a href=\"http:\/\/pflegedienst-klostermann.de\/cms\/homepage\/impressum\/datenschutzerklaerung\/\" target=\"_blank\">Datenschutzerkl\u00e4rung<\/a> zur Kenntnis genommen. Ich stimme zu, dass meine Angaben und Daten zur Beantwortung meiner Anfrage elektronisch erhoben und gespeichert werden.<br \/>\n<i>Hinweis: Sie k\u00f6nnen Ihre Einwilligung jederzeit f\u00fcr die Zukunft per E-Mail an <a href=\"mailto:info@pflegedienst-klostermann.de\">info@pflegedienst-klostermann.de<\/a> widerrufen.<\/i><br \/>\n<\/span>\n<\/p>\n<p><input class=\"wpcf7-form-control wpcf7-submit has-spinner\" type=\"submit\" value=\"Senden\" \/>\n<\/p><div class=\"wpcf7-response-output\" aria-hidden=\"true\"><\/div>\n<\/form>\n<\/div>\n\n","protected":false},"excerpt":{"rendered":"<p>Kontakt Ihre Ansprechpartner Jana Schwarze Gesch\u00e4ftsf\u00fchrerin E-Mail Rico Schwarze Gesch\u00e4ftsf\u00fchrer E-Mail Pflegedienst und Verwaltung Telefon 0351-4032411 Tagespflege Telefon 0351-4246741 Treten Sie mit uns in Kontakt. Nutzen Sie ganz bequem unser nachfolgendes Kontaktformular. Wir werden uns umgehend mit Ihnen in Verbindung setzen. Bei dringenden Angelegenheiten stehen wir Ihnen selbstverst\u00e4ndlich auch telefonisch zur Verf\u00fcgung. Ihre E-Mail Adresse [&hellip;]<\/p>\n","protected":false},"author":1,"featured_media":0,"parent":152,"menu_order":5,"comment_status":"closed","ping_status":"closed","template":"","meta":{"footnotes":""},"class_list":["post-17","page","type-page","status-publish","hentry"],"_links":{"self":[{"href":"http:\/\/pflegedienst-klostermann.de\/cms\/wp-json\/wp\/v2\/pages\/17","targetHints":{"allow":["GET"]}}],"collection":[{"href":"http:\/\/pflegedienst-klostermann.de\/cms\/wp-json\/wp\/v2\/pages"}],"about":[{"href":"http:\/\/pflegedienst-klostermann.de\/cms\/wp-json\/wp\/v2\/types\/page"}],"author":[{"embeddable":true,"href":"http:\/\/pflegedienst-klostermann.de\/cms\/wp-json\/wp\/v2\/users\/1"}],"replies":[{"embeddable":true,"href":"http:\/\/pflegedienst-klostermann.de\/cms\/wp-json\/wp\/v2\/comments?post=17"}],"version-history":[{"count":0,"href":"http:\/\/pflegedienst-klostermann.de\/cms\/wp-json\/wp\/v2\/pages\/17\/revisions"}],"up":[{"embeddable":true,"href":"http:\/\/pflegedienst-klostermann.de\/cms\/wp-json\/wp\/v2\/pages\/152"}],"wp:attachment":[{"href":"http:\/\/pflegedienst-klostermann.de\/cms\/wp-json\/wp\/v2\/media?parent=17"}],"curies":[{"name":"wp","href":"https:\/\/api.w.org\/{rel}","templated":true}]}}